{"id":280,"date":"2024-03-07T12:30:01","date_gmt":"2024-03-07T12:30:01","guid":{"rendered":"https:\/\/thirsty-wescoff.212-227-142-57.plesk.page\/?page_id=280"},"modified":"2026-04-10T08:40:16","modified_gmt":"2026-04-10T08:40:16","slug":"impressum","status":"publish","type":"page","link":"https:\/\/fodboss-kehrmatte.de\/index.php\/impressum\/","title":{"rendered":"Impressum"},"content":{"rendered":"\t\t<div data-elementor-type=\"wp-page\" data-elementor-id=\"280\" class=\"elementor elementor-280\">\n\t\t\t\t<div class=\"elementor-element elementor-element-ac51293 e-flex e-con-boxed e-con e-parent\" data-id=\"ac51293\" data-element_type=\"container\" data-settings=\"{&quot;content_width&quot;:&quot;boxed&quot;}\" data-core-v316-plus=\"true\">\n\t\t\t\t\t<div class=\"e-con-inner\">\n\t\t\t\t<div class=\"elementor-element elementor-element-502494b elementor-widget elementor-widget-heading\" data-id=\"502494b\" data-element_type=\"widget\" data-widget_type=\"heading.default\">\n\t\t\t\t<div class=\"elementor-widget-container\">\n\t\t\t<style>\/*! elementor - v3.19.0 - 28-02-2024 *\/\n.elementor-heading-title{padding:0;margin:0;line-height:1}.elementor-widget-heading .elementor-heading-title[class*=elementor-size-]>a{color:inherit;font-size:inherit;line-height:inherit}.elementor-widget-heading .elementor-heading-title.elementor-size-small{font-size:15px}.elementor-widget-heading .elementor-heading-title.elementor-size-medium{font-size:19px}.elementor-widget-heading .elementor-heading-title.elementor-size-large{font-size:29px}.elementor-widget-heading .elementor-heading-title.elementor-size-xl{font-size:39px}.elementor-widget-heading .elementor-heading-title.elementor-size-xxl{font-size:59px}<\/style><h2 class=\"elementor-heading-title elementor-size-default\">Impressum<\/h2>\t\t<\/div>\n\t\t\t\t<\/div>\n\t\t\t\t<div class=\"elementor-element elementor-element-0e018b5 elementor-widget elementor-widget-text-editor\" data-id=\"0e018b5\" data-element_type=\"widget\" data-widget_type=\"text-editor.default\">\n\t\t\t\t<div class=\"elementor-widget-container\">\n\t\t\t<style>\/*! elementor - v3.19.0 - 28-02-2024 *\/\n.elementor-widget-text-editor.elementor-drop-cap-view-stacked .elementor-drop-cap{background-color:#69727d;color:#fff}.elementor-widget-text-editor.elementor-drop-cap-view-framed .elementor-drop-cap{color:#69727d;border:3px solid;background-color:transparent}.elementor-widget-text-editor:not(.elementor-drop-cap-view-default) .elementor-drop-cap{margin-top:8px}.elementor-widget-text-editor:not(.elementor-drop-cap-view-default) .elementor-drop-cap-letter{width:1em;height:1em}.elementor-widget-text-editor .elementor-drop-cap{float:left;text-align:center;line-height:1;font-size:50px}.elementor-widget-text-editor .elementor-drop-cap-letter{display:inline-block}<\/style>\t\t\t\t<p>Wiegel Transport Equipment GmbH<\/p><div class=\"jsn-modulecontent\"><div id=\"jsn-content\" class=\"\"><div id=\"jsn-content_inner\" class=\"row-fluid\"><div id=\"jsn-maincontent\" class=\"span12 order1 row-fluid\"><div id=\"jsn-maincontent_inner\"><div id=\"jsn-centercol\" class=\"span12 order1\"><div id=\"jsn-centercol_inner\"><div id=\"jsn-mainbody-content\" class=\"jsn-hasmainbody\"><div id=\"jsn-mainbody\"><div class=\"item-page itemscope itemtype=\"><div><p>Niederlassung Deutschland<br \/>Herrenpfad S\u00fcd 30 <br \/>D-41334 Nettetal<\/p><p>Telefon: +49 (0)2157 126 0 381<br \/>E-Mail: <span id=\"cloak3bfe15b93d04bcc2f11c1f1285c7a488\">de (at) wiegel.eu<\/span><\/p><p>Vertretungsberechtigter Gesch\u00e4ftsf\u00fchrer:<br \/>Dipl.-Ing. Michael Heiny<\/p><h3>Registereintrag<\/h3><p>Eintragung im Handelsregister.<br \/>Registergericht: Amtsgericht Krefeld<br \/>Registernummer: HRB 12532<\/p><h3>Umsatzsteuer-ID:<\/h3><p>Umsatzsteuer-Identifikationsnummer gem\u00e4\u00df \u00a727 a<br \/>Umsatzsteuergesetz: DE 265843783<\/p><h3>Haftungsausschluss<\/h3><p><strong><br \/><\/strong>Inhalt des Onlineangebotes<br \/>Die Wiegel Transport Equipment GmbH \u00fcbernimmt keinerlei Gew\u00e4hr f\u00fcr die Aktualit\u00e4t, Korrektheit, Vollst\u00e4ndigkeit oder Qualit\u00e4t der bereitgestellten Informationen. Haftungsanspr\u00fcche gegen die Wiegel Transport Equipment GmbH, welche sich auf Sch\u00e4den materieller oder ideeller Art beziehen, die durch die Nutzung oder Nichtnutzung der dargebotenen Informationen bzw. durch die Nutzung fehlerhafter und unvollst\u00e4ndiger Informationen verursacht wurden, sind grunds\u00e4tzlich ausgeschlossen.<\/p><p>Verweise und Links<br \/>Wir \u00fcbernehmen keine Haftung f\u00fcr die Inhalte externer Links. F\u00fcr den Inhalt der verlinkten Seiten sind ausschlie\u00dflich deren Betreiber verantwortlich. F\u00fcr illegale, fehlerhafte oder unvollst\u00e4ndige Inhalte und insbesondere f\u00fcr Sch\u00e4den, die aus der Nutzung oder Nichtnutzung solcherart dargebotener Informationen entstehen, haftet allein der Anbieter der Seite, auf welche verwiesen wurde, nicht derjenige, der \u00fcber Links auf die jeweilige Ver\u00f6ffentlichung lediglich verweist.<\/p><p>Urheber- und Kennzeichenrecht<br \/>Alle innerhalb des Internetangebotes genannten und ggf. durch die Rechte Dritter gesch\u00fctzten Marken- und Warenzeichen unterliegen uneingeschr\u00e4nkt den Bestimmungen des jeweils g\u00fcltigen Kennzeichenrechts und den Besitzrechten der jeweiligen eingetragenen Eigent\u00fcmer. Allein aufgrund der blo\u00dfen Nennung ist nicht der Schluss zu ziehen, dass die genannten Marken- und Warenzeichen nicht durch Rechte Dritter gesch\u00fctzt sind.<\/p><p>Copyright \/ Urheberrecht<br \/>Das Copyright bzw. Urheberrecht f\u00fcr von der Wiegel Transport Equipment GmbH selbst erstellte Objekte und ver\u00f6ffentlichte Informationen verbleibt allein bei der Wiegel Transport Equipment GmbH. Eine Vervielf\u00e4ltigung oder Verwendung solcher Grafiken, Tondokumente, Videosequenzen, Pr\u00e4sentationen und Texte in anderen elektronischen oder gedruckten Publikationen ist, auch auszugsweise, ohne ausdr\u00fcckliche Zustimmung der Wiegel Transport Equipment GmbH nicht gestattet.<\/p><p>Datenschutz<\/p><p>Die Nutzung unserer Webseite ist in der Regel ohne Angabe personenbezogener Daten m\u00f6glich. Soweit auf unseren Seiten personenbezogene Daten (beispielsweise Name, Anschrift oder eMail-Adressen) erhoben werden, erfolgt dies, soweit m\u00f6glich, stets auf freiwilliger Basis. Diese Daten werden ohne Ihre ausdr\u00fcckliche Zustimmung nicht an Dritte weitergegeben.<\/p><p>Wir weisen darauf hin, dass die Daten\u00fcbertragung im Internet (z.B. bei der Kommunikation per E-Mail) Sicherheitsl\u00fccken aufweisen kann. Ein l\u00fcckenloser Schutz der Daten vor dem Zugriff durch Dritte ist nicht m\u00f6glich.<\/p><p>Der Nutzung von im Rahmen der Impressumspflicht ver\u00f6ffentlichten Kontaktdaten durch Dritte zur \u00dcbersendung von nicht ausdr\u00fccklich angeforderter Werbung und Informationsmaterialien wird hiermit ausdr\u00fccklich widersprochen. Die Betreiber der Seiten behalten sich ausdr\u00fccklich rechtliche Schritte im Falle der unverlangten Zusendung von Werbeinformationen, etwa durch Spam-Mails, vor.<\/p><p>Unsere ausf\u00fchrliche Datenschutzerkl\u00e4rung finden Sie auf der Seite <a title=\"Datenschutzerkl\u00e4rung\" href=\"https:\/\/www.wiegel-mouvex.de\/datenschutzerklaerung.html\">Datenschutzerkl\u00e4rung<\/a>.<\/p><p>Gesch\u00e4ftsbeziehungen \/ Gerichtsstand<br \/>Wir weisen hiermit ausdr\u00fccklich darauf hin, dass die Wiegel Transport Equipment GmbH ausschlie\u00dflich Gesch\u00e4fte mit Gewerbetreibenden macht (B2B), Gerichtsstand ist in Deutschland.<\/p><p>Salvatorische Klausel<br \/>Dieser Haftungsausschluss ist Bestandteil des Internetangebotes, von dem aus auf diese Seite verwiesen wurde. Sollten Teile oder einzelne Formulierungen dieses Textes der geltenden Rechtslage ganz oder teilweise, nicht oder nicht mehr entsprechen, bleibt die Wirksamkeit der \u00fcbrigen Teile davon unber\u00fchrt.<\/p><p>Bildnachweise<\/p><p>1. Bild bei \u201eFlugh\u00e4fen\u201c<\/p><p>Adobe Stock &#8211; \u00a9 m.mphoto &#8211; airplane-landing- 121520777<\/p><p>2. Bild bei \u201eMilit\u00e4r\u201c<br \/>Adobe Stock &#8211; \u00a9 Linshaojie &#8211; f-35-with-sun-rise &#8211; 178148294<\/p><p>3. Bild bei \u201eAutobahn\u201c<br \/>Adobe Stock &#8211; \u00a9 Stockfotos-MG &#8211; autobahn &#8211; 130414997<\/p><p>4. Bild bei \u201eRennstrecken\u201c<br \/>Adobe Stock &#8211; \u00a9 apfelweile &#8211; carscene-115 &#8211; 71278506<\/p><p>5. Bild bei \u201eIndustrie\u201c<br \/>Adobe Stock &#8211; \u00a9 M. Johannsen &#8211; container-loschen-im-hamburger-hafen &#8211; 57940181<\/p><p>6. Bild bei \u201eFacility Management\u201c<br \/>Pixabay &#8211; MichaelGaida\u00a0\u00a0\u00a0\u00a0\u00a0\u00a0\u00a0\u00a0\u00a0\u00a0\u00a0\u00a0\u00a0\u00a0\u00a0\u00a0\u00a0<\/p><p>7. Bild bei Produkte (Frau und Baby)<br \/>Adobe Stock &#8211; \u00a9 Tomsickova &#8211; young-mom-playing-and-breastfeeding-her-toddler-boy-on-board-of-aircraft &#8211; 199925678<\/p><p>8. Bild bei \u201eUmwelt\u201c<br \/>Adobe Stock &#8211; \u00a9 runlenarun &#8211; eco-conscious-concept-with-person-holding-leaf-in-hands &#8211; 206221516<\/p><p>9. Bild bei \u201eGarantie\u201c<br \/>Adobe Stock &#8211; \u00a9 natali_mis &#8211; hands-support-the-symbol-of-the-quality-standard-certification &#8211; 267440050<\/p><p>10. Bild bei \u201eVirtueller Besprechungsraum\u201c<br \/>Pixabay &#8211; \u00a9 mohamed_hassan &#8211; conference &#8211; 4087444<\/p><p>Alle anderen Bilder (mit den Kehrmatten) geh\u00f6ren Wiegel Transport Equipment. <br \/>Sie wurden fotografiert von Eva Berten.<\/p><\/div><\/div><\/div><\/div><\/div><\/div><\/div><\/div><\/div><\/div><\/div>\t\t\t\t\t\t<\/div>\n\t\t\t\t<\/div>\n\t\t\t\t\t<\/div>\n\t\t\t\t<\/div>\n\t\t<div class=\"elementor-element elementor-element-8029410 e-flex e-con-boxed e-con e-parent\" data-id=\"8029410\" data-element_type=\"container\" data-settings=\"{&quot;content_width&quot;:&quot;boxed&quot;}\" data-core-v316-plus=\"true\">\n\t\t\t\t\t<div class=\"e-con-inner\">\n\t\t\t\t\t<\/div>\n\t\t\t\t<\/div>\n\t\t\t\t<\/div>\n\t\t","protected":false},"excerpt":{"rendered":"<p>Impressum Wiegel Transport Equipment GmbH Niederlassung DeutschlandHerrenpfad S\u00fcd 30 D-41334 Nettetal Telefon: +49 (0)2157 126 0 381E-Mail: de (at) wiegel.eu Vertretungsberechtigter Gesch\u00e4ftsf\u00fchrer:Dipl.-Ing. Michael Heiny Registereintrag Eintragung im Handelsregister.Registergericht: Amtsgericht KrefeldRegisternummer: HRB 12532 Umsatzsteuer-ID: Umsatzsteuer-Identifikationsnummer gem\u00e4\u00df \u00a727 aUmsatzsteuergesetz: DE 265843783 Haftungsausschluss Inhalt des OnlineangebotesDie Wiegel Transport Equipment GmbH \u00fcbernimmt keinerlei Gew\u00e4hr f\u00fcr die Aktualit\u00e4t, Korrektheit, Vollst\u00e4ndigkeit [&hellip;]<\/p>\n","protected":false},"author":1,"featured_media":0,"parent":0,"menu_order":0,"comment_status":"closed","ping_status":"closed","template":"","meta":{"footnotes":""},"class_list":["post-280","page","type-page","status-publish","hentry"],"_links":{"self":[{"href":"https:\/\/fodboss-kehrmatte.de\/index.php\/wp-json\/wp\/v2\/pages\/280","targetHints":{"allow":["GET"]}}],"collection":[{"href":"https:\/\/fodboss-kehrmatte.de\/index.php\/wp-json\/wp\/v2\/pages"}],"about":[{"href":"https:\/\/fodboss-kehrmatte.de\/index.php\/wp-json\/wp\/v2\/types\/page"}],"author":[{"embeddable":true,"href":"https:\/\/fodboss-kehrmatte.de\/index.php\/wp-json\/wp\/v2\/users\/1"}],"replies":[{"embeddable":true,"href":"https:\/\/fodboss-kehrmatte.de\/index.php\/wp-json\/wp\/v2\/comments?post=280"}],"version-history":[{"count":18,"href":"https:\/\/fodboss-kehrmatte.de\/index.php\/wp-json\/wp\/v2\/pages\/280\/revisions"}],"predecessor-version":[{"id":1565,"href":"https:\/\/fodboss-kehrmatte.de\/index.php\/wp-json\/wp\/v2\/pages\/280\/revisions\/1565"}],"wp:attachment":[{"href":"https:\/\/fodboss-kehrmatte.de\/index.php\/wp-json\/wp\/v2\/media?parent=280"}],"curies":[{"name":"wp","href":"https:\/\/api.w.org\/{rel}","templated":true}]}}